{"id":7521,"date":"2020-10-14T17:07:13","date_gmt":"2020-10-14T15:07:13","guid":{"rendered":"https:\/\/gardarentals.com\/ueber-gardarentals\/"},"modified":"2026-01-03T23:59:22","modified_gmt":"2026-01-03T22:59:22","slug":"ueber-gardarentals","status":"publish","type":"page","link":"https:\/\/gardarentals.com\/de\/ueber-gardarentals\/","title":{"rendered":"\u00dcber Gardarentals"},"content":{"rendered":"<div class=\"wpb-content-wrapper\"><p>[vc_row][vc_column][vc_column_text]<\/p>\n\n<div class=\"wp-block-group is-nowrap is-layout-flex wp-container-core-group-is-layout-ad2f72ca wp-block-group-is-layout-flex\">\n<p>[\/vc_column_text][\/vc_column][\/vc_row][vc_row][vc_column][vc_column_text css=&#8221;&#8221;]<\/p>\n<h2>Ihre direkte Verbindung zum Gardasee<\/h2>\n<p>Wir von Gardarentals sind mehr als nur eine Ferienvermietung &#8211; wir sind Ihre engagierten Spezialisten f\u00fcr den Gardasee. Wir suchen au\u00dfergew\u00f6hnliche Ferienh\u00e4user aus und bieten Ihnen ein Vermietungserlebnis, das professionellen Service mit echter lokaler Gastfreundschaft verbindet. <\/p>\n<h2>Was ist GardaRentals?<\/h2>\n<p><strong>GardaRentals<\/strong> ist eine kuratierte Sammlung von Ferienh\u00e4usern am Gardasee, die von <strong>Garda Property Management<\/strong> pers\u00f6nlich verwaltet werden. Wenn Sie hier buchen, haben Sie es nicht mit einer gesichtslosen Plattform oder einem weit entfernten Callcenter zu tun &#8211; Sie wenden sich direkt an jemanden, der diese Region lebt und atmet. <\/p>\n<p>Jedes Objekt auf dieser Website wird von Hand ausgew\u00e4hlt, regelm\u00e4\u00dfig inspiziert und gewartet, um sicherzustellen, dass Ihr Aufenthalt den Standards entspricht, die Sie von einer erstklassigen Ferienunterkunft erwarten w\u00fcrden.<\/p>\n<p> <\/p>\n<h2>Warum direkt buchen?<\/h2>\n<h3>Bessere Preise, dieselben Eigenschaften<\/h3>\n<p>Die Immobilien, die Sie hier finden, sind auch auf Airbnb, Booking.com und \u00e4hnlichen Plattformen gelistet &#8211; allerdings zu h\u00f6heren Preisen. Diese Plattformen berechnen den Eigent\u00fcmern 15-20% Provisionen, die an Sie weitergegeben werden. Wenn Sie direkt \u00fcber GardaRentals buchen, bleiben diese Einsparungen in Ihrer Tasche. Gleiches Objekt, gleiche Qualit\u00e4t, g\u00fcnstigerer Preis.   <\/p>\n<p><img fetchpriority=\"high\" decoding=\"async\" class=\"alignnone wp-image-5682\" src=\"https:\/\/gardarentals.com\/wp-content\/uploads\/2024\/12\/villa-luisa-bella-casa-17-300x200.jpg\" alt=\"\" width=\"450\" height=\"300\" srcset=\"https:\/\/gardarentals.com\/wp-content\/uploads\/2024\/12\/villa-luisa-bella-casa-17-300x200.jpg 300w, https:\/\/gardarentals.com\/wp-content\/uploads\/2024\/12\/villa-luisa-bella-casa-17-1024x683.jpg 1024w, https:\/\/gardarentals.com\/wp-content\/uploads\/2024\/12\/villa-luisa-bella-casa-17-768x512.jpg 768w, https:\/\/gardarentals.com\/wp-content\/uploads\/2024\/12\/villa-luisa-bella-casa-17-1536x1024.jpg 1536w, https:\/\/gardarentals.com\/wp-content\/uploads\/2024\/12\/villa-luisa-bella-casa-17-450x300.jpg 450w, https:\/\/gardarentals.com\/wp-content\/uploads\/2024\/12\/villa-luisa-bella-casa-17-1140x760.jpg 1140w, https:\/\/gardarentals.com\/wp-content\/uploads\/2024\/12\/villa-luisa-bella-casa-17-120x80.jpg 120w, https:\/\/gardarentals.com\/wp-content\/uploads\/2024\/12\/villa-luisa-bella-casa-17-750x500.jpg 750w, https:\/\/gardarentals.com\/wp-content\/uploads\/2024\/12\/villa-luisa-bella-casa-17.jpg 1620w\" sizes=\"(max-width: 450px) 100vw, 450px\" \/><\/p>\n<p> <\/p>\n<h2>Pers\u00f6nlicher Service<\/h2>\n<h3>Eine echte Person, kein Call Center<\/h3>\n<p>Haben Sie eine Frage vor der Buchung? Brauchen Sie Empfehlungen f\u00fcr Ihren Aufenthalt? Stimmt etwas nicht, wenn Sie ankommen? Sie erreichen jedes Mal dieselbe Person &#8211; jemanden, der Ihnen tats\u00e4chlich helfen kann, und keinen Chatbot oder ein ausl\u00e4ndisches Support-Team. Direkte Kommunikation bedeutet schnellere Antworten und echte L\u00f6sungen.    <\/p>\n<p><img decoding=\"async\" class=\"alignnone wp-image-7393\" src=\"https:\/\/gardarentals.com\/wp-content\/uploads\/2024\/12\/callcenter_vs_pm-300x167.jpg\" alt=\"call center vs property manager\" width=\"450\" height=\"252\" srcset=\"https:\/\/gardarentals.com\/wp-content\/uploads\/2024\/12\/callcenter_vs_pm-300x167.jpg 300w, https:\/\/gardarentals.com\/wp-content\/uploads\/2024\/12\/callcenter_vs_pm-1024x572.jpg 1024w, https:\/\/gardarentals.com\/wp-content\/uploads\/2024\/12\/callcenter_vs_pm-768x429.jpg 768w, https:\/\/gardarentals.com\/wp-content\/uploads\/2024\/12\/callcenter_vs_pm-896x500.jpg 896w, https:\/\/gardarentals.com\/wp-content\/uploads\/2024\/12\/callcenter_vs_pm.jpg 1290w\" sizes=\"(max-width: 450px) 100vw, 450px\" \/><\/p>\n<p> <\/p>\n<h2>Lokales Wissen<\/h2>\n<h3>Lokales Fachwissen inbegriffen<\/h3>\n<p>Bei jeder Buchung erhalten Sie Insiderwissen \u00fcber den Gardasee. Die besten Str\u00e4nde abseits der Touristenstr\u00f6me. Familiengef\u00fchrte Trattorien, von denen die Touristen nichts wissen. Der richtige Zeitpunkt f\u00fcr eine Fahrt mit der Seilbahn auf den Monte Baldo. Wenn Sie direkt bei einem lokalen Manager buchen, erhalten Sie mehr als nur einen Schl\u00fcsselbund &#8211; Sie erhalten einen Reisef\u00fchrer.    <\/p>\n<h2><img decoding=\"async\" class=\"alignnone wp-image-7394\" src=\"https:\/\/gardarentals.com\/wp-content\/uploads\/2024\/12\/Garda_corno_sunset_winter-300x225.jpg\" alt=\"Corno beach in Garda - Winter sunset\" width=\"450\" height=\"338\" srcset=\"https:\/\/gardarentals.com\/wp-content\/uploads\/2024\/12\/Garda_corno_sunset_winter-300x225.jpg 300w, https:\/\/gardarentals.com\/wp-content\/uploads\/2024\/12\/Garda_corno_sunset_winter-1024x768.jpg 1024w, https:\/\/gardarentals.com\/wp-content\/uploads\/2024\/12\/Garda_corno_sunset_winter-768x576.jpg 768w, https:\/\/gardarentals.com\/wp-content\/uploads\/2024\/12\/Garda_corno_sunset_winter-667x500.jpg 667w, https:\/\/gardarentals.com\/wp-content\/uploads\/2024\/12\/Garda_corno_sunset_winter.jpg 1440w\" sizes=\"(max-width: 450px) 100vw, 450px\" \/><\/h2>\n<p> <\/p>\n<h2>Qualit\u00e4tssicherung<\/h2>\n<h3>Jede Immobilie wird pers\u00f6nlich \u00fcberpr\u00fcft<\/h3>\n<p>Hier gibt es keine zuf\u00e4lligen Inserate. Bei GardaRentals geht es nicht darum, so viele Immobilien wie m\u00f6glich zu verwalten &#8211; es geht darum, die richtigen zu verwalten. Jede Immobilie in dieser Sammlung wird pers\u00f6nlich ausgew\u00e4hlt und mit einem Ziel gepflegt: gl\u00fcckliche, zufriedene G\u00e4ste. Wenn eine Immobilie nicht durchgehend gro\u00dfartige Aufenthalte bietet, kommt sie nicht in die Liste.   <\/p>\n<p><img loading=\"lazy\" decoding=\"async\" class=\"alignnone wp-image-5666\" src=\"https:\/\/gardarentals.com\/wp-content\/uploads\/2024\/12\/villa-luisa-bella-casa-1-300x200.jpg\" alt=\"Villa Luisa - master bedroom\" width=\"450\" height=\"300\" srcset=\"https:\/\/gardarentals.com\/wp-content\/uploads\/2024\/12\/villa-luisa-bella-casa-1-300x200.jpg 300w, https:\/\/gardarentals.com\/wp-content\/uploads\/2024\/12\/villa-luisa-bella-casa-1-1024x683.jpg 1024w, https:\/\/gardarentals.com\/wp-content\/uploads\/2024\/12\/villa-luisa-bella-casa-1-768x512.jpg 768w, https:\/\/gardarentals.com\/wp-content\/uploads\/2024\/12\/villa-luisa-bella-casa-1-1536x1024.jpg 1536w, https:\/\/gardarentals.com\/wp-content\/uploads\/2024\/12\/villa-luisa-bella-casa-1-450x300.jpg 450w, https:\/\/gardarentals.com\/wp-content\/uploads\/2024\/12\/villa-luisa-bella-casa-1-1140x760.jpg 1140w, https:\/\/gardarentals.com\/wp-content\/uploads\/2024\/12\/villa-luisa-bella-casa-1-120x80.jpg 120w, https:\/\/gardarentals.com\/wp-content\/uploads\/2024\/12\/villa-luisa-bella-casa-1-750x500.jpg 750w, https:\/\/gardarentals.com\/wp-content\/uploads\/2024\/12\/villa-luisa-bella-casa-1.jpg 1620w\" sizes=\"(max-width: 450px) 100vw, 450px\" \/><\/p>\n<p> <\/p>\n<h2>About me<\/h2>\n<h3>Ein lokales Gesicht hinter Ihrer Buchung<\/h3>\n<p>Ich bin Mattia und leite Garda Property Management &#8211; ein lokal ans\u00e4ssiges Unternehmen, das sich auf Ferienvermietungen rund um den Gardasee spezialisiert hat. W\u00e4hrend gro\u00dfe Plattformen Millionen von anonymen Buchungen bearbeiten, wird jede Reservierung hier pers\u00f6nlich betreut. Von Ihrer ersten Anfrage bis zum Check-out haben Sie einen direkten Draht zu jemandem, der wirklich m\u00f6chte, dass Ihr Gardasee-Erlebnis unvergesslich wird.  <\/p>\n<\/div>\n<p><img loading=\"lazy\" decoding=\"async\" class=\"alignnone wp-image-7395\" src=\"https:\/\/gardarentals.com\/wp-content\/uploads\/2024\/12\/Mattia_insta_img_01-300x300.jpg\" alt=\"Mattia Accordini - Property Manager\" width=\"450\" height=\"450\" srcset=\"https:\/\/gardarentals.com\/wp-content\/uploads\/2024\/12\/Mattia_insta_img_01-300x300.jpg 300w, https:\/\/gardarentals.com\/wp-content\/uploads\/2024\/12\/Mattia_insta_img_01-150x150.jpg 150w, https:\/\/gardarentals.com\/wp-content\/uploads\/2024\/12\/Mattia_insta_img_01-570x570.jpg 570w, https:\/\/gardarentals.com\/wp-content\/uploads\/2024\/12\/Mattia_insta_img_01-285x285.jpg 285w, https:\/\/gardarentals.com\/wp-content\/uploads\/2024\/12\/Mattia_insta_img_01-250x250.jpg 250w, https:\/\/gardarentals.com\/wp-content\/uploads\/2024\/12\/Mattia_insta_img_01-500x500.jpg 500w, https:\/\/gardarentals.com\/wp-content\/uploads\/2024\/12\/Mattia_insta_img_01-360x360.jpg 360w, https:\/\/gardarentals.com\/wp-content\/uploads\/2024\/12\/Mattia_insta_img_01.jpg 700w\" sizes=\"(max-width: 450px) 100vw, 450px\" \/><\/p>\n<p>[\/vc_column_text][\/vc_column][\/vc_row]<\/p>\n<\/div>","protected":false},"excerpt":{"rendered":"<p>[vc_row][vc_column][vc_column_text] [\/vc_column_text][\/vc_column][\/vc_row][vc_row][vc_column][vc_column_text css=&#8221;&#8221;] Ihre direkte Verbindung zum Gardasee Wir von Gardarentals sind mehr als nur eine Ferienvermietung &#8211; wir sind Ihre engagierten Spezialisten f\u00fcr den Gardasee. Wir suchen au\u00dfergew\u00f6hnliche Ferienh\u00e4user aus und bieten Ihnen ein Vermietungserlebnis, das professionellen Service mit echter lokaler Gastfreundschaft verbindet. Was ist GardaRentals? GardaRentals ist eine kuratierte Sammlung von Ferienh\u00e4usern am [&hellip;]<\/p>\n","protected":false},"author":1,"featured_media":6364,"parent":0,"menu_order":0,"comment_status":"closed","ping_status":"closed","template":"template\/template-homepage.php","meta":{"footnotes":""},"class_list":["post-7521","page","type-page","status-publish","has-post-thumbnail","hentry"],"_links":{"self":[{"href":"https:\/\/gardarentals.com\/de\/wp-json\/wp\/v2\/pages\/7521","targetHints":{"allow":["GET"]}}],"collection":[{"href":"https:\/\/gardarentals.com\/de\/wp-json\/wp\/v2\/pages"}],"about":[{"href":"https:\/\/gardarentals.com\/de\/wp-json\/wp\/v2\/types\/page"}],"author":[{"embeddable":true,"href":"https:\/\/gardarentals.com\/de\/wp-json\/wp\/v2\/users\/1"}],"replies":[{"embeddable":true,"href":"https:\/\/gardarentals.com\/de\/wp-json\/wp\/v2\/comments?post=7521"}],"version-history":[{"count":1,"href":"https:\/\/gardarentals.com\/de\/wp-json\/wp\/v2\/pages\/7521\/revisions"}],"predecessor-version":[{"id":7522,"href":"https:\/\/gardarentals.com\/de\/wp-json\/wp\/v2\/pages\/7521\/revisions\/7522"}],"wp:featuredmedia":[{"embeddable":true,"href":"https:\/\/gardarentals.com\/de\/wp-json\/wp\/v2\/media\/6364"}],"wp:attachment":[{"href":"https:\/\/gardarentals.com\/de\/wp-json\/wp\/v2\/media?parent=7521"}],"curies":[{"name":"wp","href":"https:\/\/api.w.org\/{rel}","templated":true}]}}