{"id":7523,"date":"2020-10-14T17:07:13","date_gmt":"2020-10-14T15:07:13","guid":{"rendered":"https:\/\/gardarentals.com\/a-propos-de-gardarentals\/"},"modified":"2026-01-04T00:00:00","modified_gmt":"2026-01-03T23:00:00","slug":"a-propos-de-gardarentals","status":"publish","type":"page","link":"https:\/\/gardarentals.com\/fr\/a-propos-de-gardarentals\/","title":{"rendered":"A propos de Gardarentals"},"content":{"rendered":"<div class=\"wpb-content-wrapper\"><p>[vc_row][vc_column][vc_column_text]<\/p>\n\n<div class=\"wp-block-group is-nowrap is-layout-flex wp-container-core-group-is-layout-ad2f72ca wp-block-group-is-layout-flex\">\n<p>[\/vc_column_text][\/vc_column][\/vc_row][vc_row][vc_column][vc_column_text css=&#8221;&#8221;]<\/p>\n<h2>Votre connexion directe au lac de Garde<\/h2>\n<p>Chez Gardarentals, nous sommes plus qu&#8217;une simple soci\u00e9t\u00e9 de location de vacances &#8211; nous sommes vos sp\u00e9cialistes du lac de Garde. Nous s\u00e9lectionnons des maisons de vacances exceptionnelles et vous offrons une exp\u00e9rience de location qui allie un service professionnel \u00e0 une hospitalit\u00e9 locale authentique. <\/p>\n<h2>Qu&#8217;est-ce que GardaRentals ?<\/h2>\n<p><strong>GardaRentals<\/strong> est une collection de maisons de vacances sur le lac de Garde, g\u00e9r\u00e9e personnellement par <strong>Garda Property Management<\/strong>. Lorsque vous r\u00e9servez ici, vous ne traitez pas avec une plateforme sans visage ou un centre d&#8217;appel distant &#8211; vous \u00eates en contact direct avec quelqu&#8217;un qui vit et respire cette r\u00e9gion. <\/p>\n<p>Chaque propri\u00e9t\u00e9 sur ce site est s\u00e9lectionn\u00e9e avec soin, inspect\u00e9e r\u00e9guli\u00e8rement et entretenue pour garantir que votre s\u00e9jour r\u00e9ponde aux normes que vous \u00eates en droit d&#8217;attendre d&#8217;une location de vacances de qualit\u00e9 sup\u00e9rieure.<\/p>\n<p> <\/p>\n<h2>Pourquoi Book Direct ?<\/h2>\n<h3>Meilleurs prix, m\u00eames propri\u00e9t\u00e9s<\/h3>\n<p>Les biens que vous trouvez ici sont \u00e9galement r\u00e9pertori\u00e9s sur Airbnb, Booking.com et d&#8217;autres plateformes similaires, mais \u00e0 des prix plus \u00e9lev\u00e9s. Ces plateformes facturent aux propri\u00e9taires des commissions de 15 \u00e0 20 %, qui vous sont r\u00e9percut\u00e9es. Lorsque vous r\u00e9servez directement par l&#8217;interm\u00e9diaire de GardaRentals, ces \u00e9conomies restent dans votre poche. M\u00eame propri\u00e9t\u00e9, m\u00eame qualit\u00e9, prix plus intelligent.   <\/p>\n<p><img fetchpriority=\"high\" decoding=\"async\" class=\"alignnone wp-image-5682\" src=\"https:\/\/gardarentals.com\/wp-content\/uploads\/2024\/12\/villa-luisa-bella-casa-17-300x200.jpg\" alt=\"\" width=\"450\" height=\"300\" srcset=\"https:\/\/gardarentals.com\/wp-content\/uploads\/2024\/12\/villa-luisa-bella-casa-17-300x200.jpg 300w, https:\/\/gardarentals.com\/wp-content\/uploads\/2024\/12\/villa-luisa-bella-casa-17-1024x683.jpg 1024w, https:\/\/gardarentals.com\/wp-content\/uploads\/2024\/12\/villa-luisa-bella-casa-17-768x512.jpg 768w, https:\/\/gardarentals.com\/wp-content\/uploads\/2024\/12\/villa-luisa-bella-casa-17-1536x1024.jpg 1536w, https:\/\/gardarentals.com\/wp-content\/uploads\/2024\/12\/villa-luisa-bella-casa-17-450x300.jpg 450w, https:\/\/gardarentals.com\/wp-content\/uploads\/2024\/12\/villa-luisa-bella-casa-17-1140x760.jpg 1140w, https:\/\/gardarentals.com\/wp-content\/uploads\/2024\/12\/villa-luisa-bella-casa-17-120x80.jpg 120w, https:\/\/gardarentals.com\/wp-content\/uploads\/2024\/12\/villa-luisa-bella-casa-17-750x500.jpg 750w, https:\/\/gardarentals.com\/wp-content\/uploads\/2024\/12\/villa-luisa-bella-casa-17.jpg 1620w\" sizes=\"(max-width: 450px) 100vw, 450px\" \/><\/p>\n<p> <\/p>\n<h2>Service \u00e0 la personne<\/h2>\n<h3>Une vraie personne, pas un centre d&#8217;appel<\/h3>\n<p>Vous avez une question avant de r\u00e9server ? Vous avez besoin de conseils pour votre s\u00e9jour ? Quelque chose ne va pas \u00e0 votre arriv\u00e9e ? Vous serez toujours en contact avec la m\u00eame personne &#8211; quelqu&#8217;un qui peut r\u00e9ellement vous aider, et non un chatbot ou une \u00e9quipe d&#8217;assistance \u00e0 l&#8217;\u00e9tranger. Une communication directe signifie des r\u00e9ponses plus rapides et de vraies solutions.    <\/p>\n<p><img decoding=\"async\" class=\"alignnone wp-image-7393\" src=\"https:\/\/gardarentals.com\/wp-content\/uploads\/2024\/12\/callcenter_vs_pm-300x167.jpg\" alt=\"centre d'appel vs gestionnaire immobilier\" width=\"450\" height=\"252\" srcset=\"https:\/\/gardarentals.com\/wp-content\/uploads\/2024\/12\/callcenter_vs_pm-300x167.jpg 300w, https:\/\/gardarentals.com\/wp-content\/uploads\/2024\/12\/callcenter_vs_pm-1024x572.jpg 1024w, https:\/\/gardarentals.com\/wp-content\/uploads\/2024\/12\/callcenter_vs_pm-768x429.jpg 768w, https:\/\/gardarentals.com\/wp-content\/uploads\/2024\/12\/callcenter_vs_pm-896x500.jpg 896w, https:\/\/gardarentals.com\/wp-content\/uploads\/2024\/12\/callcenter_vs_pm.jpg 1290w\" sizes=\"(max-width: 450px) 100vw, 450px\" \/><\/p>\n<p> <\/p>\n<h2>Connaissances locales<\/h2>\n<h3>Expertise locale incluse<\/h3>\n<p>Chaque r\u00e9servation est accompagn\u00e9e d&#8217;une connaissance approfondie du lac de Garde. Les meilleures plages loin des foules. Les trattorias familiales que les touristes ne connaissent pas. Le bon moment pour monter en t\u00e9l\u00e9ph\u00e9rique au Monte Baldo. Lorsque vous r\u00e9servez directement aupr\u00e8s d&#8217;un g\u00e9rant local, vous obtenez plus qu&#8217;un jeu de cl\u00e9s &#8211; vous obtenez un guide.    <\/p>\n<h2><img decoding=\"async\" class=\"alignnone wp-image-7394\" src=\"https:\/\/gardarentals.com\/wp-content\/uploads\/2024\/12\/Garda_corno_sunset_winter-300x225.jpg\" alt=\"Plage de Corno \u00e0 Garda - Coucher de soleil hivernal\" width=\"450\" height=\"338\" srcset=\"https:\/\/gardarentals.com\/wp-content\/uploads\/2024\/12\/Garda_corno_sunset_winter-300x225.jpg 300w, https:\/\/gardarentals.com\/wp-content\/uploads\/2024\/12\/Garda_corno_sunset_winter-1024x768.jpg 1024w, https:\/\/gardarentals.com\/wp-content\/uploads\/2024\/12\/Garda_corno_sunset_winter-768x576.jpg 768w, https:\/\/gardarentals.com\/wp-content\/uploads\/2024\/12\/Garda_corno_sunset_winter-667x500.jpg 667w, https:\/\/gardarentals.com\/wp-content\/uploads\/2024\/12\/Garda_corno_sunset_winter.jpg 1440w\" sizes=\"(max-width: 450px) 100vw, 450px\" \/><\/h2>\n<p> <\/p>\n<h2>Assurance qualit\u00e9<\/h2>\n<h3>Chaque bien est contr\u00f4l\u00e9 personnellement<\/h3>\n<p>Pas de listes al\u00e9atoires ici. GardaRentals n&#8217;a pas pour but de g\u00e9rer le plus grand nombre de propri\u00e9t\u00e9s possible, mais plut\u00f4t de g\u00e9rer les bonnes propri\u00e9t\u00e9s. Chaque propri\u00e9t\u00e9 de cette collection est personnellement s\u00e9lectionn\u00e9e et entretenue avec un seul objectif : des clients heureux et satisfaits. Si une propri\u00e9t\u00e9 n&#8217;offre pas constamment de bons s\u00e9jours, elle ne figure pas sur la liste.   <\/p>\n<p><img loading=\"lazy\" decoding=\"async\" class=\"alignnone wp-image-5666\" src=\"https:\/\/gardarentals.com\/wp-content\/uploads\/2024\/12\/villa-luisa-bella-casa-1-300x200.jpg\" alt=\"Villa Luisa - chambre principale\" width=\"450\" height=\"300\" srcset=\"https:\/\/gardarentals.com\/wp-content\/uploads\/2024\/12\/villa-luisa-bella-casa-1-300x200.jpg 300w, https:\/\/gardarentals.com\/wp-content\/uploads\/2024\/12\/villa-luisa-bella-casa-1-1024x683.jpg 1024w, https:\/\/gardarentals.com\/wp-content\/uploads\/2024\/12\/villa-luisa-bella-casa-1-768x512.jpg 768w, https:\/\/gardarentals.com\/wp-content\/uploads\/2024\/12\/villa-luisa-bella-casa-1-1536x1024.jpg 1536w, https:\/\/gardarentals.com\/wp-content\/uploads\/2024\/12\/villa-luisa-bella-casa-1-450x300.jpg 450w, https:\/\/gardarentals.com\/wp-content\/uploads\/2024\/12\/villa-luisa-bella-casa-1-1140x760.jpg 1140w, https:\/\/gardarentals.com\/wp-content\/uploads\/2024\/12\/villa-luisa-bella-casa-1-120x80.jpg 120w, https:\/\/gardarentals.com\/wp-content\/uploads\/2024\/12\/villa-luisa-bella-casa-1-750x500.jpg 750w, https:\/\/gardarentals.com\/wp-content\/uploads\/2024\/12\/villa-luisa-bella-casa-1.jpg 1620w\" sizes=\"(max-width: 450px) 100vw, 450px\" \/><\/p>\n<p> <\/p>\n<h2>A propos de moi<\/h2>\n<h3>Un visage local derri\u00e8re votre r\u00e9servation<\/h3>\n<p>Je m&#8217;appelle Mattia et je dirige Garda Property Management, une entreprise locale sp\u00e9cialis\u00e9e dans la location de vacances autour du lac de Garde. Alors que les grandes plateformes traitent des millions de r\u00e9servations anonymes, chaque r\u00e9servation fait l&#8217;objet d&#8217;une attention personnelle. De votre premi\u00e8re demande \u00e0 votre d\u00e9part, vous avez une ligne directe avec quelqu&#8217;un qui veut vraiment que votre exp\u00e9rience au lac de Garde soit m\u00e9morable.  <\/p>\n<\/div>\n<p><img loading=\"lazy\" decoding=\"async\" class=\"alignnone wp-image-7395\" src=\"https:\/\/gardarentals.com\/wp-content\/uploads\/2024\/12\/Mattia_insta_img_01-300x300.jpg\" alt=\"Mattia Accordini - Gestionnaire immobilier\" width=\"450\" height=\"450\" srcset=\"https:\/\/gardarentals.com\/wp-content\/uploads\/2024\/12\/Mattia_insta_img_01-300x300.jpg 300w, https:\/\/gardarentals.com\/wp-content\/uploads\/2024\/12\/Mattia_insta_img_01-150x150.jpg 150w, https:\/\/gardarentals.com\/wp-content\/uploads\/2024\/12\/Mattia_insta_img_01-570x570.jpg 570w, https:\/\/gardarentals.com\/wp-content\/uploads\/2024\/12\/Mattia_insta_img_01-285x285.jpg 285w, https:\/\/gardarentals.com\/wp-content\/uploads\/2024\/12\/Mattia_insta_img_01-250x250.jpg 250w, https:\/\/gardarentals.com\/wp-content\/uploads\/2024\/12\/Mattia_insta_img_01-500x500.jpg 500w, https:\/\/gardarentals.com\/wp-content\/uploads\/2024\/12\/Mattia_insta_img_01-360x360.jpg 360w, https:\/\/gardarentals.com\/wp-content\/uploads\/2024\/12\/Mattia_insta_img_01.jpg 700w\" sizes=\"(max-width: 450px) 100vw, 450px\" \/><\/p>\n<p>[\/vc_column_text][\/vc_column][\/vc_row]<\/p>\n<\/div>","protected":false},"excerpt":{"rendered":"<p>[vc_row][vc_column][vc_column_text] [\/vc_column_text][\/vc_column][\/vc_row][vc_row][vc_column][vc_column_text css=&#8221;&#8221;] Votre connexion directe au lac de Garde Chez Gardarentals, nous sommes plus qu&#8217;une simple soci\u00e9t\u00e9 de location de vacances &#8211; nous sommes vos sp\u00e9cialistes du lac de Garde. Nous s\u00e9lectionnons des maisons de vacances exceptionnelles et vous offrons une exp\u00e9rience de location qui allie un service professionnel \u00e0 une hospitalit\u00e9 locale authentique. [&hellip;]<\/p>\n","protected":false},"author":1,"featured_media":7417,"parent":0,"menu_order":0,"comment_status":"closed","ping_status":"closed","template":"template\/template-homepage.php","meta":{"footnotes":""},"class_list":["post-7523","page","type-page","status-publish","has-post-thumbnail","hentry"],"_links":{"self":[{"href":"https:\/\/gardarentals.com\/fr\/wp-json\/wp\/v2\/pages\/7523","targetHints":{"allow":["GET"]}}],"collection":[{"href":"https:\/\/gardarentals.com\/fr\/wp-json\/wp\/v2\/pages"}],"about":[{"href":"https:\/\/gardarentals.com\/fr\/wp-json\/wp\/v2\/types\/page"}],"author":[{"embeddable":true,"href":"https:\/\/gardarentals.com\/fr\/wp-json\/wp\/v2\/users\/1"}],"replies":[{"embeddable":true,"href":"https:\/\/gardarentals.com\/fr\/wp-json\/wp\/v2\/comments?post=7523"}],"version-history":[{"count":1,"href":"https:\/\/gardarentals.com\/fr\/wp-json\/wp\/v2\/pages\/7523\/revisions"}],"predecessor-version":[{"id":7524,"href":"https:\/\/gardarentals.com\/fr\/wp-json\/wp\/v2\/pages\/7523\/revisions\/7524"}],"wp:featuredmedia":[{"embeddable":true,"href":"https:\/\/gardarentals.com\/fr\/wp-json\/wp\/v2\/media\/7417"}],"wp:attachment":[{"href":"https:\/\/gardarentals.com\/fr\/wp-json\/wp\/v2\/media?parent=7523"}],"curies":[{"name":"wp","href":"https:\/\/api.w.org\/{rel}","templated":true}]}}