{"id":7427,"date":"2020-10-14T17:07:13","date_gmt":"2020-10-14T15:07:13","guid":{"rendered":"https:\/\/gardarentals.com\/informazioni-su-gardarentals\/"},"modified":"2026-01-04T00:18:00","modified_gmt":"2026-01-03T23:18:00","slug":"informazioni-su-gardarentals","status":"publish","type":"page","link":"https:\/\/gardarentals.com\/it\/informazioni-su-gardarentals\/","title":{"rendered":"Informazioni su Gardarentals"},"content":{"rendered":"<div class=\"wpb-content-wrapper\"><p>[vc_row][vc_column][vc_column_text]<\/p>\n\n<div class=\"wp-block-group is-nowrap is-layout-flex wp-container-core-group-is-layout-ad2f72ca wp-block-group-is-layout-flex\">\n<p>[\/vc_column_text][\/vc_column][\/vc_row][vc_row][vc_column][vc_column_text css=&#8221;&#8221;]<\/p>\n<h2>Il tuo collegamento diretto con il Lago di Garda<\/h2>\n<p>Gardarentals \u00e8 molto pi\u00f9 di una semplice agenzia di affitti per le vacanze: siamo i vostri specialisti dedicati al Lago di Garda. Selezioniamo case vacanza eccezionali e offriamo un&#8217;esperienza di affitto che combina un servizio professionale con la genuina ospitalit\u00e0 locale. <\/p>\n<h2>Che cos&#8217;\u00e8 GardaRentals?<\/h2>\n<p><strong>GardaRentals<\/strong> \u00e8 una collezione curata di case vacanza sul Lago di Garda, gestite personalmente da <strong>Garda Property Management<\/strong>. Quando prenota qui, non ha a che fare con una piattaforma senza volto o con un call center distante: si collega direttamente con qualcuno che vive e respira questa regione. <\/p>\n<p>Ogni struttura presente su questo sito \u00e8 selezionata con cura, ispezionata regolarmente e sottoposta a manutenzione per garantire che il vostro soggiorno soddisfi gli standard che vi aspettate da una casa vacanze di alta qualit\u00e0.<\/p>\n<p> <\/p>\n<h2>Perch\u00e9 prenotare direttamente?<\/h2>\n<h3>Prezzi migliori, stesse propriet\u00e0<\/h3>\n<p>Le propriet\u00e0 che trova qui sono anche elencate su Airbnb, Booking.com e piattaforme simili &#8211; ma a prezzi pi\u00f9 alti. Queste piattaforme addebitano ai proprietari il 15-20% di commissioni, che vengono trasferite a lei. Quando prenota direttamente tramite GardaRentals, il risparmio rimane nelle sue tasche. Stessa propriet\u00e0, stessa qualit\u00e0, prezzo pi\u00f9 intelligente.   <\/p>\n<p><img fetchpriority=\"high\" decoding=\"async\" class=\"alignnone wp-image-5682\" src=\"https:\/\/gardarentals.com\/wp-content\/uploads\/2024\/12\/villa-luisa-bella-casa-17-300x200.jpg\" alt=\"\" width=\"450\" height=\"300\" srcset=\"https:\/\/gardarentals.com\/wp-content\/uploads\/2024\/12\/villa-luisa-bella-casa-17-300x200.jpg 300w, https:\/\/gardarentals.com\/wp-content\/uploads\/2024\/12\/villa-luisa-bella-casa-17-1024x683.jpg 1024w, https:\/\/gardarentals.com\/wp-content\/uploads\/2024\/12\/villa-luisa-bella-casa-17-768x512.jpg 768w, https:\/\/gardarentals.com\/wp-content\/uploads\/2024\/12\/villa-luisa-bella-casa-17-1536x1024.jpg 1536w, https:\/\/gardarentals.com\/wp-content\/uploads\/2024\/12\/villa-luisa-bella-casa-17-450x300.jpg 450w, https:\/\/gardarentals.com\/wp-content\/uploads\/2024\/12\/villa-luisa-bella-casa-17-1140x760.jpg 1140w, https:\/\/gardarentals.com\/wp-content\/uploads\/2024\/12\/villa-luisa-bella-casa-17-120x80.jpg 120w, https:\/\/gardarentals.com\/wp-content\/uploads\/2024\/12\/villa-luisa-bella-casa-17-750x500.jpg 750w, https:\/\/gardarentals.com\/wp-content\/uploads\/2024\/12\/villa-luisa-bella-casa-17.jpg 1620w\" sizes=\"(max-width: 450px) 100vw, 450px\" \/><\/p>\n<p> <\/p>\n<h2>Servizio personale<\/h2>\n<h3>Una persona reale, non un call center<\/h3>\n<p>Ha una domanda prima di prenotare? Ha bisogno di consigli per il suo soggiorno? Qualcosa non va bene al suo arrivo? Si rivolger\u00e0 sempre alla stessa persona, una persona che pu\u00f2 realmente aiutarla, non un chatbot o un team di assistenza all&#8217;estero. Una comunicazione diretta significa risposte pi\u00f9 rapide e soluzioni reali.    <\/p>\n<p><img decoding=\"async\" class=\"alignnone wp-image-7393\" src=\"https:\/\/gardarentals.com\/wp-content\/uploads\/2024\/12\/callcenter_vs_pm-300x167.jpg\" alt=\"call center vs property manager\" width=\"450\" height=\"252\" srcset=\"https:\/\/gardarentals.com\/wp-content\/uploads\/2024\/12\/callcenter_vs_pm-300x167.jpg 300w, https:\/\/gardarentals.com\/wp-content\/uploads\/2024\/12\/callcenter_vs_pm-1024x572.jpg 1024w, https:\/\/gardarentals.com\/wp-content\/uploads\/2024\/12\/callcenter_vs_pm-768x429.jpg 768w, https:\/\/gardarentals.com\/wp-content\/uploads\/2024\/12\/callcenter_vs_pm-896x500.jpg 896w, https:\/\/gardarentals.com\/wp-content\/uploads\/2024\/12\/callcenter_vs_pm.jpg 1290w\" sizes=\"(max-width: 450px) 100vw, 450px\" \/><\/p>\n<p> <\/p>\n<h2>Conoscenza locale<\/h2>\n<h3>Competenza locale inclusa<\/h3>\n<p>Ogni prenotazione \u00e8 accompagnata da una conoscenza approfondita del Lago di Garda. Le migliori spiagge lontano dalla folla. Le trattorie a conduzione familiare che i turisti non conoscono. Il momento giusto per fare un giro in funivia sul Monte Baldo. Quando prenota direttamente con un manager locale, ottiene pi\u00f9 di un mazzo di chiavi: ottiene una guida.    <\/p>\n<h2><img decoding=\"async\" class=\"alignnone wp-image-7394\" src=\"https:\/\/gardarentals.com\/wp-content\/uploads\/2024\/12\/Garda_corno_sunset_winter-300x225.jpg\" alt=\"Spiaggia del Corno a Garda - Tramonto invernale\" width=\"450\" height=\"338\" srcset=\"https:\/\/gardarentals.com\/wp-content\/uploads\/2024\/12\/Garda_corno_sunset_winter-300x225.jpg 300w, https:\/\/gardarentals.com\/wp-content\/uploads\/2024\/12\/Garda_corno_sunset_winter-1024x768.jpg 1024w, https:\/\/gardarentals.com\/wp-content\/uploads\/2024\/12\/Garda_corno_sunset_winter-768x576.jpg 768w, https:\/\/gardarentals.com\/wp-content\/uploads\/2024\/12\/Garda_corno_sunset_winter-667x500.jpg 667w, https:\/\/gardarentals.com\/wp-content\/uploads\/2024\/12\/Garda_corno_sunset_winter.jpg 1440w\" sizes=\"(max-width: 450px) 100vw, 450px\" \/><\/h2>\n<p> <\/p>\n<h2>Garanzia di qualit\u00e0<\/h2>\n<h3>Ogni propriet\u00e0 \u00e8 controllata personalmente<\/h3>\n<p>Qui non troverete annunci casuali. GardaRentals non punta a gestire il maggior numero possibile di propriet\u00e0, ma quelle giuste. Ogni propriet\u00e0 di questa collezione \u00e8 selezionata personalmente e gestita con un unico obiettivo: ospiti felici e soddisfatti. Se una propriet\u00e0 non offre costantemente soggiorni eccellenti, non viene inserita nell&#8217;elenco.   <\/p>\n<p><img loading=\"lazy\" decoding=\"async\" class=\"alignnone wp-image-5666\" src=\"https:\/\/gardarentals.com\/wp-content\/uploads\/2024\/12\/villa-luisa-bella-casa-1-300x200.jpg\" alt=\"Villa Luisa - camera da letto principale\" width=\"450\" height=\"300\" srcset=\"https:\/\/gardarentals.com\/wp-content\/uploads\/2024\/12\/villa-luisa-bella-casa-1-300x200.jpg 300w, https:\/\/gardarentals.com\/wp-content\/uploads\/2024\/12\/villa-luisa-bella-casa-1-1024x683.jpg 1024w, https:\/\/gardarentals.com\/wp-content\/uploads\/2024\/12\/villa-luisa-bella-casa-1-768x512.jpg 768w, https:\/\/gardarentals.com\/wp-content\/uploads\/2024\/12\/villa-luisa-bella-casa-1-1536x1024.jpg 1536w, https:\/\/gardarentals.com\/wp-content\/uploads\/2024\/12\/villa-luisa-bella-casa-1-450x300.jpg 450w, https:\/\/gardarentals.com\/wp-content\/uploads\/2024\/12\/villa-luisa-bella-casa-1-1140x760.jpg 1140w, https:\/\/gardarentals.com\/wp-content\/uploads\/2024\/12\/villa-luisa-bella-casa-1-120x80.jpg 120w, https:\/\/gardarentals.com\/wp-content\/uploads\/2024\/12\/villa-luisa-bella-casa-1-750x500.jpg 750w, https:\/\/gardarentals.com\/wp-content\/uploads\/2024\/12\/villa-luisa-bella-casa-1.jpg 1620w\" sizes=\"(max-width: 450px) 100vw, 450px\" \/><\/p>\n<p> <\/p>\n<h2>Su di me<\/h2>\n<h3>Un volto locale dietro la sua prenotazione<\/h3>\n<p>Sono Mattia e dirigo Garda Property Management, un&#8217;azienda locale specializzata in case vacanza sul Lago di Garda. Mentre le grandi piattaforme elaborano milioni di prenotazioni anonime, qui ogni prenotazione riceve un&#8217;attenzione personale. Dalla sua prima richiesta al check-out, ha una linea diretta con qualcuno che desidera davvero che la sua esperienza sul Lago di Garda sia memorabile.  <\/p>\n<\/div>\n<p><img loading=\"lazy\" decoding=\"async\" class=\"alignnone wp-image-7395\" src=\"https:\/\/gardarentals.com\/wp-content\/uploads\/2024\/12\/Mattia_insta_img_01-300x300.jpg\" alt=\"Mattia Accordini - Property Manager\" width=\"450\" height=\"450\" srcset=\"https:\/\/gardarentals.com\/wp-content\/uploads\/2024\/12\/Mattia_insta_img_01-300x300.jpg 300w, https:\/\/gardarentals.com\/wp-content\/uploads\/2024\/12\/Mattia_insta_img_01-150x150.jpg 150w, https:\/\/gardarentals.com\/wp-content\/uploads\/2024\/12\/Mattia_insta_img_01-570x570.jpg 570w, https:\/\/gardarentals.com\/wp-content\/uploads\/2024\/12\/Mattia_insta_img_01-285x285.jpg 285w, https:\/\/gardarentals.com\/wp-content\/uploads\/2024\/12\/Mattia_insta_img_01-250x250.jpg 250w, https:\/\/gardarentals.com\/wp-content\/uploads\/2024\/12\/Mattia_insta_img_01-500x500.jpg 500w, https:\/\/gardarentals.com\/wp-content\/uploads\/2024\/12\/Mattia_insta_img_01-360x360.jpg 360w, https:\/\/gardarentals.com\/wp-content\/uploads\/2024\/12\/Mattia_insta_img_01.jpg 700w\" sizes=\"(max-width: 450px) 100vw, 450px\" \/><\/p>\n<p>[\/vc_column_text][\/vc_column][\/vc_row]<\/p>\n<\/div>","protected":false},"excerpt":{"rendered":"<p>[vc_row][vc_column][vc_column_text] [\/vc_column_text][\/vc_column][\/vc_row][vc_row][vc_column][vc_column_text css=&#8221;&#8221;] Il tuo collegamento diretto con il Lago di Garda Gardarentals \u00e8 molto pi\u00f9 di una semplice agenzia di affitti per le vacanze: siamo i vostri specialisti dedicati al Lago di Garda. Selezioniamo case vacanza eccezionali e offriamo un&#8217;esperienza di affitto che combina un servizio professionale con la genuina ospitalit\u00e0 locale. Che cos&#8217;\u00e8 [&hellip;]<\/p>\n","protected":false},"author":1,"featured_media":6365,"parent":0,"menu_order":0,"comment_status":"closed","ping_status":"closed","template":"template\/template-homepage.php","meta":{"footnotes":""},"class_list":["post-7427","page","type-page","status-publish","has-post-thumbnail","hentry"],"_links":{"self":[{"href":"https:\/\/gardarentals.com\/it\/wp-json\/wp\/v2\/pages\/7427","targetHints":{"allow":["GET"]}}],"collection":[{"href":"https:\/\/gardarentals.com\/it\/wp-json\/wp\/v2\/pages"}],"about":[{"href":"https:\/\/gardarentals.com\/it\/wp-json\/wp\/v2\/types\/page"}],"author":[{"embeddable":true,"href":"https:\/\/gardarentals.com\/it\/wp-json\/wp\/v2\/users\/1"}],"replies":[{"embeddable":true,"href":"https:\/\/gardarentals.com\/it\/wp-json\/wp\/v2\/comments?post=7427"}],"version-history":[{"count":3,"href":"https:\/\/gardarentals.com\/it\/wp-json\/wp\/v2\/pages\/7427\/revisions"}],"predecessor-version":[{"id":7552,"href":"https:\/\/gardarentals.com\/it\/wp-json\/wp\/v2\/pages\/7427\/revisions\/7552"}],"wp:featuredmedia":[{"embeddable":true,"href":"https:\/\/gardarentals.com\/it\/wp-json\/wp\/v2\/media\/6365"}],"wp:attachment":[{"href":"https:\/\/gardarentals.com\/it\/wp-json\/wp\/v2\/media?parent=7427"}],"curies":[{"name":"wp","href":"https:\/\/api.w.org\/{rel}","templated":true}]}}